{"id":1330,"date":"2016-11-24T22:08:20","date_gmt":"2016-11-24T21:08:20","guid":{"rendered":"https:\/\/www.dharmanature.org\/en\/?page_id=1330"},"modified":"2016-11-24T22:08:20","modified_gmt":"2016-11-24T21:08:20","slug":"meeting-the-rock-german","status":"publish","type":"page","link":"https:\/\/dharmanature.org\/en\/meeting-the-rock-german\/","title":{"rendered":"Meeting the Rock &#8211; German"},"content":{"rendered":"<h1 style=\"text-align: center;\">MEETING THE ROCK RETREAT<\/h1>\n<h2 style=\"text-align: center;\">Meditationswoche mit Klettern<\/h2>\n<h2 style=\"text-align: center;\">30.8.-6.9.2014, B\u00e4rensch\u00fctzklamm,<\/h2>\n<p>In diesem Meditationsretreat werden wir Klettern verwenden um uns selbst n\u00e4her zu kommen. Wer klettert, lernt seine Grenzen kennen, kann seine Kraft einteilen, lernt sich achtsam zu bewegen und vor allem: Ganz im Augenblick zu sein.<br \/>\nVor allem erlaubt uns Klettern mit der Natur in Kontakt zu treten &#8211; sie abzutasten und zu sp\u00fcren. Gleichzeitig bringen wir uns in exponierte Situationen, lernen uns dabei zu beobachten, und k\u00f6nnen die gesammelten Erfahrungen in den Alltag mitnehmen &#8211; Themen die Kletterprofis genauso begleiten wie Anf\u00e4nger*innen.<br \/>\nDie meditative K\u00f6rpererfahrung w\u00e4hrend des Tages wird durch das gemeinschaftliche Sitzen in Stille abgerundet (morgens und abends). In den Meditationen steht kein konkretes Glaubenssystem im Vordergrund, sondern Achtsamkeit und die Beobachtung des eigenen Geistes in der Stille.<\/p>\n<p><strong>Keine Voraussetzungen notwendig:<\/strong><br \/>\nIn dieser Woche geht es nicht um &#8220;Leistung&#8221;, sondern um das Einlassen auf den Felsen und auf uns selbst. Daher sind sowohl blutige Anf\u00e4nger*innen als auch Fortgeschrittene auf dem Meeting-the-Rock-Retreat herzlich willkommen. Vorerfahrung im Klettern oder in der Meditation sind erfreulich, jedoch ausdr\u00fccklich keine Voraussetzung.<\/p>\n<p><strong>Bereichernde Umgebung und die Leitenbauer Huabn<\/strong><br \/>\nDie Gegend rund um die B\u00e4rensch\u00fctzklamm ist eines der vielf\u00e4ltigsten Klettergebiete \u00d6sterreichs mit \u00fcberh\u00e4ngenden Stellen, die vor Regen gesch\u00fctzt sind, hohen W\u00e4nden zum Abseilen und  Kletterrouten f\u00fcr alle Niveaus.<br \/>\nDas uralte Bauernhaus ist der ideale Ausgangspunkt f\u00fcr unsere Klettertouren. Es liegt abgelegen im herbstlich bunten Grazer Bergland und bietet Unterkunft in mehreren Zweibettzimmern. Wer das Abenteuer sucht, hat auch die M\u00f6glichkeit im Zelt zu \u00fcbernachten. F\u00fcr vegetarische Mahlzeiten werden wir als Gruppe sorgen.<\/p>\n<p><strong>Lehrer, die begeistern:<\/strong><br \/>\nTechnisch begleitet uns Robert Kerneza, der zu den herausragendsten Kletterern \u00d6sterreichs geh\u00f6rt. Er ist seit mehr als 30 Jahren als Bergf\u00fchrer t\u00e4tig und hat seine Jugend an diesen Felsen verbracht. Mit seiner ruhigen Bergmentalit\u00e4t und seinem umfassenden \u00f6kologischen Wissen wird er mit uns tief in die Natur eintauchen.<\/p>\n<p>Denis Robberechts wird die Meditationen anleiten. Der erfahrene Meditationslehrer aus Belgien hat mehr als sieben Jahre in Indien verbracht um sich der Meditation und der klassischen indischen Musik zu widmen. Seine klare und lebensnahe Sprache hilft dabei eine solide Meditationspraxis zu etablieren. Die vielen aktiven Elemente (Klettern, Wandern, Kochen) unterst\u00fctzen den Praxistransfer seiner Achtsamkeitslehre.<\/p>\n<p><strong>Organisation:<\/strong><br \/>\nMag. Martin Michalitsch<\/p>\n<p><strong>Logistik &amp; Ablauf<\/strong><br \/>\nDie Gruppengr\u00f6\u00dfe ist auf 15 Teilnehmer beschr\u00e4nkt. Das Retreat ist international und wird in deutscher, englischer und franz\u00f6sischer Sprache gehalten. Die Teilnahmegeb\u00fchr betr\u00e4gt 358 \u20ac im Zweibettzimmer und 282 \u20ac im Zelt &#8211; Reduktionen sind auf Anfrage m\u00f6glich. Zus\u00e4tzlich bitten wir um Dana (freie Spende f\u00fcr die Lehrer). Anmeldeschluss ist der 10. Juli. Weitere Informationen erhalten Sie unter: <a href=\"mailto:meetingtherock@posteo.de\">meetingtherock@posteo.de<\/a> oder auf <a href=\"https:\/\/www.facebook.com\/pages\/Meeting-the-Rock-Retreat\/894023420623113\">Facebook <\/a><br \/>\nNoch Fragen? Rufen Sie mich an: Martin Michalitsch +43 650 676 202 6<\/p>\n","protected":false},"excerpt":{"rendered":"<p>MEETING THE ROCK RETREAT Meditationswoche mit Klettern 30.8.-6.9.2014, B\u00e4rensch\u00fctzklamm, In diesem Meditationsretreat werden wir Klettern verwenden um uns selbst n\u00e4her zu kommen. Wer klettert, lernt seine Grenzen kennen, kann seine Kraft einteilen, lernt sich achtsam zu bewegen und vor allem:<\/p>\n","protected":false},"author":4,"featured_media":0,"parent":0,"menu_order":0,"comment_status":"closed","ping_status":"closed","template":"","meta":{"footnotes":""},"class_list":["post-1330","page","type-page","status-publish","hentry"],"_links":{"self":[{"href":"https:\/\/dharmanature.org\/en\/wp-json\/wp\/v2\/pages\/1330","targetHints":{"allow":["GET"]}}],"collection":[{"href":"https:\/\/dharmanature.org\/en\/wp-json\/wp\/v2\/pages"}],"about":[{"href":"https:\/\/dharmanature.org\/en\/wp-json\/wp\/v2\/types\/page"}],"author":[{"embeddable":true,"href":"https:\/\/dharmanature.org\/en\/wp-json\/wp\/v2\/users\/4"}],"replies":[{"embeddable":true,"href":"https:\/\/dharmanature.org\/en\/wp-json\/wp\/v2\/comments?post=1330"}],"version-history":[{"count":1,"href":"https:\/\/dharmanature.org\/en\/wp-json\/wp\/v2\/pages\/1330\/revisions"}],"predecessor-version":[{"id":1331,"href":"https:\/\/dharmanature.org\/en\/wp-json\/wp\/v2\/pages\/1330\/revisions\/1331"}],"wp:attachment":[{"href":"https:\/\/dharmanature.org\/en\/wp-json\/wp\/v2\/media?parent=1330"}],"curies":[{"name":"wp","href":"https:\/\/api.w.org\/{rel}","templated":true}]}}